{"id":510,"date":"2025-11-20T13:56:52","date_gmt":"2025-11-20T13:56:52","guid":{"rendered":"https:\/\/io-sono.life\/?page_id=510"},"modified":"2026-03-12T16:49:40","modified_gmt":"2026-03-12T16:49:40","slug":"reequilibrage-energetique-par-les-huiles-essentielles-et-les-fleurs-de-bach","status":"publish","type":"page","link":"https:\/\/io-sono.life\/it\/therapies\/reequilibrage-energetique-par-les-huiles-essentielles-et-les-fleurs-de-bach\/","title":{"rendered":"Riequilibrio energetico attraverso oli essenziali e fiori di Bach"},"content":{"rendered":"\n[et_pb_section fb_built=\u00a0\u00bb1&Prime; admin_label=\u00a0\u00bbFeatures\u00a0\u00bb _builder_version=\u00a0\u00bb4.27.5&Prime; background_color=\u00a0\u00bb#e0d5c6&Prime; background_image=\u00a0\u00bbhttps:\/\/io-sono.life\/wp-content\/uploads\/2025\/10\/unnamed.png\u00a0\u00bb background_size=\u00a0\u00bbcontain\u00a0\u00bb background_position=\u00a0\u00bbtop_center\u00a0\u00bb custom_padding=\u00a0\u00bb||||false|false\u00a0\u00bb global_colors_info=\u00a0\u00bb{}\u00a0\u00bb][et_pb_row _builder_version=\u00a0\u00bb4.27.4&Prime; _module_preset=\u00a0\u00bbdefault\u00a0\u00bb background_color=\u00a0\u00bbRGBA(255,255,255,0)\u00a0\u00bb global_colors_info=\u00a0\u00bb{}\u00a0\u00bb][et_pb_column type=\u00a0\u00bb4_4&Prime; _builder_version=\u00a0\u00bb4.27.4&Prime; _module_preset=\u00a0\u00bbdefault\u00a0\u00bb global_colors_info=\u00a0\u00bb{}\u00a0\u00bb][et_pb_text _builder_version=\u00a0\u00bb4.27.4&Prime; _dynamic_attributes=\u00a0\u00bblink_option_url\u00a0\u00bb _module_preset=\u00a0\u00bbdefault\u00a0\u00bb link_option_url=\u00a0\u00bb@ET-DC@eyJkeW5hbWljIjp0cnVlLCJjb250ZW50IjoicG9zdF9saW5rX3VybF9wYWdlIiwic2V0dGluZ3MiOnsicG9zdF9pZCI6IjE0NSJ9fQ==@\u00a0\u00bb global_colors_info=\u00a0\u00bb{}\u00a0\u00bb]\u2190 SOINS ET ACCOMPAGNAMENTS[\/et_pb_text][\/et_pb_column][\/et_pb_row][et_pb_row column_structure=\u00a0\u00bb2_5,3_5&Prime; padding_top_bottom_link_2=\u00a0\u00bbfalse\u00a0\u00bb _builder_version=\u00a0\u00bb4.27.4&Prime; background_color=\u00a0\u00bbRGBA(255,255,255,0)\u00a0\u00bb global_colors_info=\u00a0\u00bb{}\u00a0\u00bb][et_pb_column type=\u00a0\u00bb2_5&Prime; _builder_version=\u00a0\u00bb4.16&Prime; custom_padding=\u00a0\u00bb|||\u00a0\u00bb global_colors_info=\u00a0\u00bb{}\u00a0\u00bb custom_padding__hover=\u00a0\u00bb|||\u00a0\u00bb][et_pb_image src=\u00a0\u00bbhttps:\/\/io-sono.life\/wp-content\/uploads\/2025\/10\/bach.webp\u00a0\u00bb title_text=\u00a0\u00bbbach\u00a0\u00bb align_tablet=\u00a0\u00bbcenter\u00a0\u00bb align_phone=\u00a0\u00bb\u00a0\u00bb align_last_edited=\u00a0\u00bbon|desktop\u00a0\u00bb _builder_version=\u00a0\u00bb4.27.4&Prime; custom_margin=\u00a0\u00bb|||\u00a0\u00bb border_radii=\u00a0\u00bbon|30px|30px|30px|30px\u00a0\u00bb box_shadow_style=\u00a0\u00bbpreset3&Prime; box_shadow_vertical=\u00a0\u00bb20px\u00a0\u00bb box_shadow_blur=\u00a0\u00bb30px\u00a0\u00bb box_shadow_color=\u00a0\u00bbrgba(173,180,208,0.2)\u00a0\u00bb global_colors_info=\u00a0\u00bb{}\u00a0\u00bb][\/et_pb_image][\/et_pb_column][et_pb_column type=\u00a0\u00bb3_5&Prime; _builder_version=\u00a0\u00bb4.27.4&Prime; custom_padding=\u00a0\u00bb10px||||false|false\u00a0\u00bb custom_padding_tablet=\u00a0\u00bb0px||0px|\u00a0\u00bb custom_padding_last_edited=\u00a0\u00bboff|desktop\u00a0\u00bb global_colors_info=\u00a0\u00bb{}\u00a0\u00bb padding_tablet=\u00a0\u00bb0px||0px|\u00a0\u00bb padding_last_edited=\u00a0\u00bboff|desktop\u00a0\u00bb custom_padding__hover=\u00a0\u00bb|||\u00a0\u00bb][et_pb_text _builder_version=\u00a0\u00bb4.27.4&Prime; text_font=\u00a0\u00bbOpen Sans||||||||\u00a0\u00bb text_line_height=\u00a0\u00bb2em\u00a0\u00bb header_font=\u00a0\u00bb||||||||\u00a0\u00bb header_2_font=\u00a0\u00bbCantata One||||||||\u00a0\u00bb header_2_font_size=\u00a0\u00bb40px\u00a0\u00bb header_2_line_height=\u00a0\u00bb1.4em\u00a0\u00bb header_2_font_size_tablet=\u00a0\u00bb35px\u00a0\u00bb header_2_font_size_phone=\u00a0\u00bb25px\u00a0\u00bb header_2_font_size_last_edited=\u00a0\u00bbon|phone\u00a0\u00bb global_colors_info=\u00a0\u00bb{}\u00a0\u00bb]<h4 class=\"et_pb_module_heading\">R\u00c9\u00c9QUILIBRAGE \u00c9NERG\u00c9TIQUE PAR LES HUILES ESSENTIELLES ET LES FLEURS DE BACH<\/h4>\n<p>&nbsp;<\/p>\n<p>De petites gouttes de nature aux grands pouvoirs : \u00e9motionnels, vibratoires, magiques. Elles ne changent pas ce qui se passe autour de toi, mais elles t\u2019aident \u00e0 am\u00e9liorer avec douceur ce qui se passe \u00e0 l\u2019int\u00e9rieur de toi.<\/p>\n<p>L\u2019aromath\u00e9rapie est une discipline de la phytoth\u00e9rapie qui utilise les huiles essentielles pures, extraites de diff\u00e9rentes parties de plantes (fleurs, feuilles, racines, \u00e9corces, r\u00e9sines) par distillation \u00e0 la vapeur d&rsquo;eau ou par expression m\u00e9canique, pour favoriser le bien-\u00eatre physique, \u00e9motionnel et mental. Les mol\u00e9cules aromatiques stimulent le syst\u00e8me nerveux et influencent des fonctions physiologique (respiratoires, digestives, immunitaires), tout en modulant les \u00e9tats d\u2019\u00e2me et en soutenant l\u2019\u00e9quilibre \u00e9nerg\u00e9tique. Elles renferment les principes actifs volatils r\u00e9sponsables des propri\u00e9t\u00e9s th\u00e9rapheutiques de la plante. Sur le plan \u00e9nerg\u00e9tique, les huiles essentielles agissent \u00e9galement par leur vibration subtile et leur signature olfactive. Elles peuvent aider \u00e0 lib\u00e9rer certaines tensions, soutenir la circulation de l\u2019\u00e9nergie et accompagner un processus d\u2019harmonisation globale reliant le corps, le psychisme et la dimension int\u00e9rieure de la personne. Leur utilisation requiert une approche consciente et individualis\u00e9e, en raison de leur puissance et de leur forte concentration.<\/p>\n<p>La florith\u00e9rapie repose sur les forces naturelles de certaines vari\u00e9t\u00e9s de fleurs sauvages et inoffensives ; utilis\u00e9es comme rem\u00e8des, elles n\u2019ont pas d\u2019effets secondaires et peuvent \u00eatre associ\u00e9es \u00e0 toute autre th\u00e9rapie ou m\u00e9decine. Les \u00e9lixirs floraux naturels aident \u00e0 r\u00e9tablir l\u2019\u00e9quilibre \u00e9motionnel et \u00e0 retrouver calme et harmonie int\u00e9rieure. Les vibrations des fleurs te soutiendront dans le chemin de croissance que tu entreprendras en reharmonisant les \u00e9motions qui sont en dissonance. Comme le disait le Dr. Edward Bach: \u00ab<em>Les fleurs ont l\u2019effet d\u2019un beau morceau de musique ou d\u2019autres choses merveilleuses qui ont le pouvoir de nous inspirer ; elles peuvent renforcer nos \u00e9nergies et nous rapprocher de notre aame. Les Rem\u00e8des ne gu\u00e9rissent pas en attaquant directement la maladie, mais en inondant notre corps des vibrations de notre Moi le plus profond, en pr\u00e9sence duquel les maladies se dissolvent comme neige au soleil.<\/em> \u00bb<\/p>\n<p>Ces rem\u00e8des, utilis\u00e9s seuls ou en compl\u00e9ment de tout autre soin, font preuve depuis pr\u00e8s d\u2019un si\u00e8cle de leur efficacit\u00e9 en faveur d\u2019une gu\u00e9rison compl\u00e8te et durable.<br \/>En effet, les rem\u00e8des transforment les \u00e9tats mentaux n\u00e9gatifs et, puisque la maladie est \u201cla concr\u00e9tisation d\u2019une attitude mentale\u201d, une fois celle-ci modifi\u00e9e, la cause de la maladie n\u2019est plus pr\u00e9sente.<\/p>[\/et_pb_text][et_pb_button button_url=\u00a0\u00bbhttps:\/\/io-sono.life\/reserve-ta-seance\/\u00a0\u00bb button_text=\u00a0\u00bbR\u00e9serve ta s\u00e9ance\u00a0\u00bb _builder_version=\u00a0\u00bb4.27.5&Prime; _module_preset=\u00a0\u00bbdefault\u00a0\u00bb custom_button=\u00a0\u00bbon\u00a0\u00bb button_text_color=\u00a0\u00bb#3a1a0b\u00a0\u00bb hover_enabled=\u00a0\u00bb0&Prime; global_colors_info=\u00a0\u00bb{}\u00a0\u00bb sticky_enabled=\u00a0\u00bb0&Prime; locked=\u00a0\u00bboff\u00a0\u00bb][\/et_pb_button][\/et_pb_column][\/et_pb_row][et_pb_row column_structure=\u00a0\u00bb1_3,1_3,1_3&Prime; _builder_version=\u00a0\u00bb4.27.4&Prime; _module_preset=\u00a0\u00bbdefault\u00a0\u00bb background_color=\u00a0\u00bbRGBA(255,255,255,0)\u00a0\u00bb global_colors_info=\u00a0\u00bb{}\u00a0\u00bb][et_pb_column type=\u00a0\u00bb1_3&Prime; _builder_version=\u00a0\u00bb4.27.4&Prime; _module_preset=\u00a0\u00bbdefault\u00a0\u00bb global_colors_info=\u00a0\u00bb{}\u00a0\u00bb][et_pb_text _builder_version=\u00a0\u00bb4.27.5&Prime; _module_preset=\u00a0\u00bbdefault\u00a0\u00bb text_line_height=\u00a0\u00bb1em\u00a0\u00bb link_text_color=\u00a0\u00bb#3a1a0b\u00a0\u00bb custom_margin=\u00a0\u00bb30px||||false|false\u00a0\u00bb custom_padding=\u00a0\u00bb0px|||||\u00a0\u00bb global_colors_info=\u00a0\u00bb{}\u00a0\u00bb]<p style=\"text-align: center;\"><strong><a href=\"https:\/\/io-sono.life\/peu\/\" aria-current=\"page\">QUI SUIS-JE?<\/a><\/strong><\/p>\n<p style=\"text-align: center;\"><strong><a href=\"https:\/\/io-sono.life\/therapies\/\" aria-current=\"page\">SOINS ET ACCOMPAGNAMENTS<\/a><\/strong><\/p>\n<p style=\"text-align: center;\"><strong><a href=\"https:\/\/io-sono.life\/reserve\/\" aria-current=\"page\">R\u00c8SERVE TA S\u00c8ANCE<\/a><\/strong><\/p>\n<p style=\"text-align: center;\"><strong><a href=\"https:\/\/io-sono.life\/contactes-moi\/\" aria-current=\"page\">CONTACTE-MOI<\/a><\/strong><\/p>\n<p style=\"text-align: center;\"><strong><a href=\"https:\/\/io-sono.life\/privacy-policy\/\" aria-current=\"page\">PRIVACY<\/a><\/strong><\/p>[\/et_pb_text][\/et_pb_column][et_pb_column type=\u00a0\u00bb1_3&Prime; _builder_version=\u00a0\u00bb4.27.4&Prime; _module_preset=\u00a0\u00bbdefault\u00a0\u00bb global_colors_info=\u00a0\u00bb{}\u00a0\u00bb][\/et_pb_column][et_pb_column type=\u00a0\u00bb1_3&Prime; _builder_version=\u00a0\u00bb4.27.4&Prime; _module_preset=\u00a0\u00bbdefault\u00a0\u00bb global_colors_info=\u00a0\u00bb{}\u00a0\u00bb][et_pb_social_media_follow icon_color=\u00a0\u00bb#e0d5c6&Prime; _builder_version=\u00a0\u00bb4.27.4&Prime; _module_preset=\u00a0\u00bbdefault\u00a0\u00bb custom_button=\u00a0\u00bbon\u00a0\u00bb button_text_color=\u00a0\u00bb#3a1a0b\u00a0\u00bb transform_scale_tablet=\u00a0\u00bb\u00a0\u00bb transform_scale_phone=\u00a0\u00bb\u00a0\u00bb transform_scale_last_edited=\u00a0\u00bbon|phone\u00a0\u00bb transform_translate=\u00a0\u00bb46px|0px\u00a0\u00bb transform_translate_tablet=\u00a0\u00bb0px|0px\u00a0\u00bb transform_translate_phone=\u00a0\u00bb0px|0px\u00a0\u00bb transform_translate_last_edited=\u00a0\u00bbon|phone\u00a0\u00bb transform_translate_linked=\u00a0\u00bboff\u00a0\u00bb transform_rotate_tablet=\u00a0\u00bb\u00a0\u00bb transform_rotate_phone=\u00a0\u00bb\u00a0\u00bb transform_rotate_last_edited=\u00a0\u00bbon|phone\u00a0\u00bb transform_skew_tablet=\u00a0\u00bb\u00a0\u00bb transform_skew_phone=\u00a0\u00bb\u00a0\u00bb transform_skew_last_edited=\u00a0\u00bbon|phone\u00a0\u00bb transform_origin_tablet=\u00a0\u00bb\u00a0\u00bb transform_origin_phone=\u00a0\u00bb\u00a0\u00bb transform_origin_last_edited=\u00a0\u00bbon|phone\u00a0\u00bb transform_styles_last_edited=\u00a0\u00bbon|phone\u00a0\u00bb text_orientation=\u00a0\u00bbcenter\u00a0\u00bb min_height=\u00a0\u00bb31px\u00a0\u00bb custom_margin=\u00a0\u00bb30px||||false|false\u00a0\u00bb custom_padding=\u00a0\u00bb0px|||||\u00a0\u00bb transform_styles_tablet=\u00a0\u00bb\u00a0\u00bb transform_styles_phone=\u00a0\u00bb\u00a0\u00bb global_colors_info=\u00a0\u00bb{}\u00a0\u00bb][et_pb_social_media_follow_network social_network=\u00a0\u00bbwhatsapp\u00a0\u00bb url=\u00a0\u00bbhttps:\/\/wa.me\/41793714619&Prime; _builder_version=\u00a0\u00bb4.27.4&Prime; _module_preset=\u00a0\u00bbdefault\u00a0\u00bb background_color=\u00a0\u00bb#3a1a0b\u00a0\u00bb background_enable_color=\u00a0\u00bbon\u00a0\u00bb global_colors_info=\u00a0\u00bb{}\u00a0\u00bb follow_button=\u00a0\u00bboff\u00a0\u00bb url_new_window=\u00a0\u00bbon\u00a0\u00bb]whatsapp[\/et_pb_social_media_follow_network][et_pb_social_media_follow_network social_network=\u00a0\u00bbfacebook\u00a0\u00bb _builder_version=\u00a0\u00bb4.27.4&Prime; _module_preset=\u00a0\u00bbdefault\u00a0\u00bb background_color=\u00a0\u00bb#3a1a0b\u00a0\u00bb background_enable_color=\u00a0\u00bbon\u00a0\u00bb global_colors_info=\u00a0\u00bb{}\u00a0\u00bb follow_button=\u00a0\u00bboff\u00a0\u00bb url_new_window=\u00a0\u00bbon\u00a0\u00bb]facebook[\/et_pb_social_media_follow_network][et_pb_social_media_follow_network social_network=\u00a0\u00bbinstagram\u00a0\u00bb url=\u00a0\u00bbhttps:\/\/www.instagram.com\/io_sono.ch\/\u00a0\u00bb _builder_version=\u00a0\u00bb4.27.4&Prime; _module_preset=\u00a0\u00bbdefault\u00a0\u00bb background_color=\u00a0\u00bb#3a1a0b\u00a0\u00bb background_enable_color=\u00a0\u00bbon\u00a0\u00bb global_colors_info=\u00a0\u00bb{}\u00a0\u00bb follow_button=\u00a0\u00bboff\u00a0\u00bb url_new_window=\u00a0\u00bbon\u00a0\u00bb]instagram[\/et_pb_social_media_follow_network][\/et_pb_social_media_follow][et_pb_text _builder_version=\u00a0\u00bb4.27.4&Prime; _module_preset=\u00a0\u00bbdefault\u00a0\u00bb link_text_align=\u00a0\u00bbcenter\u00a0\u00bb link_text_color=\u00a0\u00bb#3a1a0b\u00a0\u00bb transform_scale=\u00a0\u00bb103%|103%\u00a0\u00bb transform_scale_tablet=\u00a0\u00bb103%|103%\u00a0\u00bb transform_scale_phone=\u00a0\u00bb103%|103%\u00a0\u00bb transform_scale_last_edited=\u00a0\u00bbon|phone\u00a0\u00bb transform_scale_linked=\u00a0\u00bboff\u00a0\u00bb transform_translate=\u00a0\u00bb41px|-19px\u00a0\u00bb transform_translate_tablet=\u00a0\u00bb0px|-19px\u00a0\u00bb transform_translate_phone=\u00a0\u00bb0px|-19px\u00a0\u00bb transform_translate_last_edited=\u00a0\u00bbon|tablet\u00a0\u00bb transform_translate_linked=\u00a0\u00bboff\u00a0\u00bb transform_rotate_tablet=\u00a0\u00bb\u00a0\u00bb transform_rotate_phone=\u00a0\u00bb\u00a0\u00bb transform_rotate_last_edited=\u00a0\u00bbon|phone\u00a0\u00bb transform_skew_tablet=\u00a0\u00bb\u00a0\u00bb transform_skew_phone=\u00a0\u00bb\u00a0\u00bb transform_skew_last_edited=\u00a0\u00bbon|phone\u00a0\u00bb transform_origin_tablet=\u00a0\u00bb\u00a0\u00bb transform_origin_phone=\u00a0\u00bb\u00a0\u00bb transform_origin_last_edited=\u00a0\u00bbon|phone\u00a0\u00bb transform_styles_last_edited=\u00a0\u00bbon|tablet\u00a0\u00bb min_height=\u00a0\u00bb9px\u00a0\u00bb custom_padding=\u00a0\u00bb||0px|||\u00a0\u00bb transform_styles_tablet=\u00a0\u00bb\u00a0\u00bb transform_styles_phone=\u00a0\u00bb\u00a0\u00bb global_colors_info=\u00a0\u00bb{}\u00a0\u00bb]<p style=\"text-align: center;\"><strong><a href=\"tel:+41 79 371 46 19\" title=\"Chiamaci subito\">(+41) 79 371 46 19<\/a><\/strong><\/p>[\/et_pb_text][et_pb_text _builder_version=\u00a0\u00bb4.27.4&Prime; _module_preset=\u00a0\u00bbdefault\u00a0\u00bb link_text_align=\u00a0\u00bbright\u00a0\u00bb link_text_color=\u00a0\u00bb#3a1a0b\u00a0\u00bb transform_scale_tablet=\u00a0\u00bb\u00a0\u00bb transform_scale_phone=\u00a0\u00bb\u00a0\u00bb transform_scale_last_edited=\u00a0\u00bbon|phone\u00a0\u00bb transform_translate=\u00a0\u00bb49px|-37px\u00a0\u00bb transform_translate_tablet=\u00a0\u00bb0px|-37px\u00a0\u00bb transform_translate_phone=\u00a0\u00bb0px|-37px\u00a0\u00bb transform_translate_last_edited=\u00a0\u00bbon|phone\u00a0\u00bb transform_translate_linked=\u00a0\u00bboff\u00a0\u00bb transform_rotate_tablet=\u00a0\u00bb\u00a0\u00bb transform_rotate_phone=\u00a0\u00bb\u00a0\u00bb transform_rotate_last_edited=\u00a0\u00bbon|phone\u00a0\u00bb transform_skew_tablet=\u00a0\u00bb\u00a0\u00bb transform_skew_phone=\u00a0\u00bb\u00a0\u00bb transform_skew_last_edited=\u00a0\u00bbon|phone\u00a0\u00bb transform_origin_tablet=\u00a0\u00bb\u00a0\u00bb transform_origin_phone=\u00a0\u00bb\u00a0\u00bb transform_origin_last_edited=\u00a0\u00bbon|phone\u00a0\u00bb transform_styles_last_edited=\u00a0\u00bbon|phone\u00a0\u00bb transform_styles_tablet=\u00a0\u00bb\u00a0\u00bb transform_styles_phone=\u00a0\u00bb\u00a0\u00bb global_colors_info=\u00a0\u00bb{}\u00a0\u00bb]<p style=\"text-align: center;\"><strong>\u00a9 io-sono.life<\/strong><\/p>[\/et_pb_text][\/et_pb_column][\/et_pb_row][\/et_pb_section]\n","protected":false},"excerpt":{"rendered":"<p>\u2190 SOINS ET ACCOMPAGNAMENTSR\u00c9\u00c9QUILIBRAGE \u00c9NERG\u00c9TIQUE PAR LES HUILES ESSENTIELLES ET LES FLEURS DE BACH &nbsp; De petites gouttes de nature aux grands pouvoirs : \u00e9motionnels, vibratoires, magiques. Elles ne changent pas ce qui se passe autour de toi, mais elles t\u2019aident \u00e0 am\u00e9liorer avec douceur ce qui se passe \u00e0 l\u2019int\u00e9rieur de toi. L\u2019aromath\u00e9rapie est [&hellip;]<\/p>\n","protected":false},"author":6,"featured_media":0,"parent":145,"menu_order":0,"comment_status":"closed","ping_status":"closed","template":"","meta":{"_et_pb_use_builder":"on","_et_pb_old_content":"","_et_gb_content_width":"","footnotes":""},"class_list":["post-510","page","type-page","status-publish","hentry"],"featured_image_url":[],"post_author":"@mministr0","assigned_categories":"","_links":{"self":[{"href":"https:\/\/io-sono.life\/it\/wp-json\/wp\/v2\/pages\/510","targetHints":{"allow":["GET"]}}],"collection":[{"href":"https:\/\/io-sono.life\/it\/wp-json\/wp\/v2\/pages"}],"about":[{"href":"https:\/\/io-sono.life\/it\/wp-json\/wp\/v2\/types\/page"}],"author":[{"embeddable":true,"href":"https:\/\/io-sono.life\/it\/wp-json\/wp\/v2\/users\/6"}],"replies":[{"embeddable":true,"href":"https:\/\/io-sono.life\/it\/wp-json\/wp\/v2\/comments?post=510"}],"version-history":[{"count":2,"href":"https:\/\/io-sono.life\/it\/wp-json\/wp\/v2\/pages\/510\/revisions"}],"predecessor-version":[{"id":1384,"href":"https:\/\/io-sono.life\/it\/wp-json\/wp\/v2\/pages\/510\/revisions\/1384"}],"up":[{"embeddable":true,"href":"https:\/\/io-sono.life\/it\/wp-json\/wp\/v2\/pages\/145"}],"wp:attachment":[{"href":"https:\/\/io-sono.life\/it\/wp-json\/wp\/v2\/media?parent=510"}],"curies":[{"name":"parola chiave","href":"https:\/\/api.w.org\/{rel}","templated":true}]}}