{"id":313,"date":"2025-10-08T15:32:23","date_gmt":"2025-10-08T15:32:23","guid":{"rendered":"https:\/\/io-sono.life\/?page_id=313"},"modified":"2026-03-12T16:46:19","modified_gmt":"2026-03-12T16:46:19","slug":"therapies-egypto-esseniennes","status":"publish","type":"page","link":"https:\/\/io-sono.life\/it\/therapies\/therapies-egypto-esseniennes\/","title":{"rendered":"Terapie Egizio-Essene"},"content":{"rendered":"\n[et_pb_section fb_built=\u00a0\u00bb1&Prime; admin_label=\u00a0\u00bbFeatures\u00a0\u00bb _builder_version=\u00a0\u00bb4.27.5&Prime; background_color=\u00a0\u00bb#e0d5c6&Prime; background_image=\u00a0\u00bbhttps:\/\/io-sono.life\/wp-content\/uploads\/2025\/10\/unnamed.png\u00a0\u00bb background_size=\u00a0\u00bbcontain\u00a0\u00bb background_position=\u00a0\u00bbtop_center\u00a0\u00bb custom_padding=\u00a0\u00bb||||false|false\u00a0\u00bb global_colors_info=\u00a0\u00bb{}\u00a0\u00bb][et_pb_row _builder_version=\u00a0\u00bb4.27.4&Prime; _module_preset=\u00a0\u00bbdefault\u00a0\u00bb background_color=\u00a0\u00bbRGBA(255,255,255,0)\u00a0\u00bb global_colors_info=\u00a0\u00bb{}\u00a0\u00bb][et_pb_column type=\u00a0\u00bb4_4&Prime; _builder_version=\u00a0\u00bb4.27.4&Prime; _module_preset=\u00a0\u00bbdefault\u00a0\u00bb global_colors_info=\u00a0\u00bb{}\u00a0\u00bb][et_pb_text _builder_version=\u00a0\u00bb4.27.4&Prime; _dynamic_attributes=\u00a0\u00bblink_option_url\u00a0\u00bb _module_preset=\u00a0\u00bbdefault\u00a0\u00bb link_option_url=\u00a0\u00bb@ET-DC@eyJkeW5hbWljIjp0cnVlLCJjb250ZW50IjoicG9zdF9saW5rX3VybF9wYWdlIiwic2V0dGluZ3MiOnsicG9zdF9pZCI6IjE0NSJ9fQ==@\u00a0\u00bb global_colors_info=\u00a0\u00bb{}\u00a0\u00bb]\u2190 SOINS ET ACCOMPAGNAMENTS[\/et_pb_text][\/et_pb_column][\/et_pb_row][et_pb_row column_structure=\u00a0\u00bb1_3,1_3,1_3&Prime; padding_top_bottom_link_2=\u00a0\u00bbfalse\u00a0\u00bb _builder_version=\u00a0\u00bb4.27.4&Prime; background_color=\u00a0\u00bbRGBA(255,255,255,0)\u00a0\u00bb global_colors_info=\u00a0\u00bb{}\u00a0\u00bb][et_pb_column type=\u00a0\u00bb1_3&Prime; _builder_version=\u00a0\u00bb4.16&Prime; custom_padding=\u00a0\u00bb|||\u00a0\u00bb global_colors_info=\u00a0\u00bb{}\u00a0\u00bb custom_padding__hover=\u00a0\u00bb|||\u00a0\u00bb][et_pb_image src=\u00a0\u00bbhttps:\/\/io-sono.life\/wp-content\/uploads\/2025\/10\/essene.webp\u00a0\u00bb title_text=\u00a0\u00bbessene\u00a0\u00bb align_tablet=\u00a0\u00bbcenter\u00a0\u00bb align_phone=\u00a0\u00bb\u00a0\u00bb align_last_edited=\u00a0\u00bbon|desktop\u00a0\u00bb _builder_version=\u00a0\u00bb4.27.4&Prime; custom_margin=\u00a0\u00bb|||\u00a0\u00bb border_radii=\u00a0\u00bbon|30px|30px|30px|30px\u00a0\u00bb box_shadow_style=\u00a0\u00bbpreset3&Prime; box_shadow_vertical=\u00a0\u00bb20px\u00a0\u00bb box_shadow_blur=\u00a0\u00bb30px\u00a0\u00bb box_shadow_color=\u00a0\u00bbrgba(173,180,208,0.2)\u00a0\u00bb global_colors_info=\u00a0\u00bb{}\u00a0\u00bb][\/et_pb_image][\/et_pb_column][et_pb_column type=\u00a0\u00bb1_3&Prime; _builder_version=\u00a0\u00bb4.27.5&Prime; _module_preset=\u00a0\u00bbdefault\u00a0\u00bb global_colors_info=\u00a0\u00bb{}\u00a0\u00bb][\/et_pb_column][et_pb_column type=\u00a0\u00bb1_3&Prime; _builder_version=\u00a0\u00bb4.27.4&Prime; custom_padding=\u00a0\u00bb10px||||false|false\u00a0\u00bb custom_padding_tablet=\u00a0\u00bb0px||0px|\u00a0\u00bb custom_padding_last_edited=\u00a0\u00bboff|desktop\u00a0\u00bb global_colors_info=\u00a0\u00bb{}\u00a0\u00bb padding_tablet=\u00a0\u00bb0px||0px|\u00a0\u00bb padding_last_edited=\u00a0\u00bboff|desktop\u00a0\u00bb custom_padding__hover=\u00a0\u00bb|||\u00a0\u00bb][et_pb_text _builder_version=\u00a0\u00bb4.27.4&Prime; text_font=\u00a0\u00bbOpen Sans||||||||\u00a0\u00bb text_line_height=\u00a0\u00bb2em\u00a0\u00bb header_font=\u00a0\u00bb||||||||\u00a0\u00bb header_2_font=\u00a0\u00bbCantata One||||||||\u00a0\u00bb header_2_font_size=\u00a0\u00bb40px\u00a0\u00bb header_2_line_height=\u00a0\u00bb1.4em\u00a0\u00bb header_2_font_size_tablet=\u00a0\u00bb35px\u00a0\u00bb header_2_font_size_phone=\u00a0\u00bb25px\u00a0\u00bb header_2_font_size_last_edited=\u00a0\u00bbon|phone\u00a0\u00bb global_colors_info=\u00a0\u00bb{}\u00a0\u00bb]<h4 class=\"et_pb_module_heading\">Th\u00e9rapies \u00e9gypto-Ess\u00e9niennes<\/h4>\n<p>&nbsp;<\/p>\n<p>Une pratique douce et profonde pour ramener l\u2019harmonie entre le corps, les \u00e9motions et l\u2019esprit. Comme un massage, mais pour l\u2019\u00e2me. Les th\u00e9rapies \u00c9gypto-Ess\u00e9niennes offrent un chemin d\u2019accompagnement vers le r\u00e9\u00e9quilibrage physique, \u00e9motionnel et spirituel de la personne. Elles agissent en profondeur et favorisent une nouvelle harmonie entre les diff\u00e9rents plans de l\u2019\u00eatre : \u00e9th\u00e9rique, \u00e9motionnel et mental.<\/p>\n<p>Oubli\u00e9es pendant des mill\u00e9naires, les pratiques th\u00e9rapeutiques \u00e9gyptiennes et les m\u00e9thodes de gu\u00e9rison ess\u00e9niennes r\u00e9apparaissent aujourd&rsquo; hui vivantes et dynamiques, offrant la possibilit\u00e9 d\u2019aborder de mani\u00e8re diff\u00e9rente et plus riche \u00e0 la fois la sant\u00e9 et la maladie. De l\u2019\u00e9tude de l\u2019aura humaine \u00e0 la pratique d\u2019une v\u00e9ritable \u00ab chirurgie \u00bb des corps subtils, cette tradition ne cherche pas \u00e0 se substituer \u00e0 la m\u00e9decine officiellement reconnue, mais \u00e0 offrir de nouvelles pistes de r\u00e9flexion et de possibilit\u00e9s d\u2019intervention concernant la sant\u00e9 globale de l\u2019\u00eatre humain nous invitant \u00e0 red\u00e9couvrir l\u2019\u00e9quilibre subtil existant entre l\u2019\u00e2me et le corps.<\/p>\n<p>Le th\u00e9rapeute dispose de nombreux moyens : la stimulation des sous-chakras secondaires, les massages en lemniscate, l\u2019imposition des mains pour mettre les chakras en r\u00e9sonance et r\u00e9veiller les courants de vie qui circulent dans les nadis, l\u2019harmonisation des centres \u00e9nerg\u00e9tiques, l\u2019utilisation d\u2019huiles essentielles ou spagiriques, ainsi que le pouvoir du silence, de la voix, du son et du souffle, sans oublier la lecture de l\u2019aura.<\/p>\n<p>Les soins \u00c9gypto-Ess\u00e9niennes associent la lumi\u00e8re et le son \u00e0 l\u2019ouverture du c\u0153ur du th\u00e9rapeute. La lecture de l\u2019aura permet notamment d\u2019acc\u00e9der \u00e0 des \u00e9l\u00e9ments du v\u00e9cu, proche ou lointain, afin de retrouver l\u2019origines des sch\u00e9mas de pens\u00e9es ou de comportement qui nourrissent le malaise actuel. Ce processus favorise ainsi une pacification int\u00e9rieure et une r\u00e9conciliation qui ouvrent la voie vers le Bien-\u00eatre global.<\/p>\n<p>Ces pratiques plongent leurs racines dans l\u2019\u00c9gypte ancienne, o\u00f9 elles \u00e9taient transmises et mises en \u0153uvre par les pr\u00eatres comme forme de savoir th\u00e9rapeutique. Par la suite, une partie de cette sagesse a \u00e9t\u00e9 reprise par les Ess\u00e9niennes et, aujourd\u2019hui, cette tradition s\u2019est \u00e0 nouveau \u00e9veill\u00e9e et rendue accessible.\u00a0<\/p>[\/et_pb_text][et_pb_button button_url=\u00a0\u00bbhttps:\/\/io-sono.life\/reserve-ta-seance\/\u00a0\u00bb button_text=\u00a0\u00bbR\u00e9serve ta s\u00e9ance\u00a0\u00bb _builder_version=\u00a0\u00bb4.27.5&Prime; _module_preset=\u00a0\u00bbdefault\u00a0\u00bb custom_button=\u00a0\u00bbon\u00a0\u00bb button_text_color=\u00a0\u00bb#3a1a0b\u00a0\u00bb hover_enabled=\u00a0\u00bb0&Prime; global_colors_info=\u00a0\u00bb{}\u00a0\u00bb sticky_enabled=\u00a0\u00bb0&Prime; locked=\u00a0\u00bboff\u00a0\u00bb][\/et_pb_button][\/et_pb_column][\/et_pb_row][et_pb_row column_structure=\u00a0\u00bb1_3,1_3,1_3&Prime; _builder_version=\u00a0\u00bb4.27.4&Prime; _module_preset=\u00a0\u00bbdefault\u00a0\u00bb background_color=\u00a0\u00bbRGBA(255,255,255,0)\u00a0\u00bb global_colors_info=\u00a0\u00bb{}\u00a0\u00bb][et_pb_column type=\u00a0\u00bb1_3&Prime; _builder_version=\u00a0\u00bb4.27.4&Prime; _module_preset=\u00a0\u00bbdefault\u00a0\u00bb global_colors_info=\u00a0\u00bb{}\u00a0\u00bb][et_pb_text _builder_version=\u00a0\u00bb4.27.5&Prime; _module_preset=\u00a0\u00bbdefault\u00a0\u00bb text_line_height=\u00a0\u00bb1em\u00a0\u00bb link_text_color=\u00a0\u00bb#3a1a0b\u00a0\u00bb custom_margin=\u00a0\u00bb30px||||false|false\u00a0\u00bb custom_padding=\u00a0\u00bb0px|||||\u00a0\u00bb global_colors_info=\u00a0\u00bb{}\u00a0\u00bb]<p style=\"text-align: center;\"><strong><a href=\"https:\/\/io-sono.life\/peu\/\" aria-current=\"page\">QUI SUIS-JE?<\/a><\/strong><\/p>\n<p style=\"text-align: center;\"><strong><a href=\"https:\/\/io-sono.life\/therapies\/\" aria-current=\"page\">SOINS ET ACCOMPAGNAMENTS<\/a><\/strong><\/p>\n<p style=\"text-align: center;\"><strong><a href=\"https:\/\/io-sono.life\/reserve\/\" aria-current=\"page\">R\u00c8SERVE TA S\u00c8ANCE<\/a><\/strong><\/p>\n<p style=\"text-align: center;\"><strong><a href=\"https:\/\/io-sono.life\/contactes-moi\/\" aria-current=\"page\">CONTACTE-MOI<\/a><\/strong><\/p>\n<p style=\"text-align: center;\"><strong><a href=\"https:\/\/io-sono.life\/privacy-policy\/\" aria-current=\"page\">PRIVACY<\/a><\/strong><\/p>[\/et_pb_text][\/et_pb_column][et_pb_column type=\u00a0\u00bb1_3&Prime; _builder_version=\u00a0\u00bb4.27.4&Prime; _module_preset=\u00a0\u00bbdefault\u00a0\u00bb global_colors_info=\u00a0\u00bb{}\u00a0\u00bb][\/et_pb_column][et_pb_column type=\u00a0\u00bb1_3&Prime; _builder_version=\u00a0\u00bb4.27.4&Prime; _module_preset=\u00a0\u00bbdefault\u00a0\u00bb global_colors_info=\u00a0\u00bb{}\u00a0\u00bb][et_pb_social_media_follow icon_color=\u00a0\u00bb#e0d5c6&Prime; _builder_version=\u00a0\u00bb4.27.4&Prime; _module_preset=\u00a0\u00bbdefault\u00a0\u00bb custom_button=\u00a0\u00bbon\u00a0\u00bb button_text_color=\u00a0\u00bb#3a1a0b\u00a0\u00bb transform_scale_tablet=\u00a0\u00bb\u00a0\u00bb transform_scale_phone=\u00a0\u00bb\u00a0\u00bb transform_scale_last_edited=\u00a0\u00bbon|phone\u00a0\u00bb transform_translate=\u00a0\u00bb46px|0px\u00a0\u00bb transform_translate_tablet=\u00a0\u00bb0px|0px\u00a0\u00bb transform_translate_phone=\u00a0\u00bb0px|0px\u00a0\u00bb transform_translate_last_edited=\u00a0\u00bbon|phone\u00a0\u00bb transform_translate_linked=\u00a0\u00bboff\u00a0\u00bb transform_rotate_tablet=\u00a0\u00bb\u00a0\u00bb transform_rotate_phone=\u00a0\u00bb\u00a0\u00bb transform_rotate_last_edited=\u00a0\u00bbon|phone\u00a0\u00bb transform_skew_tablet=\u00a0\u00bb\u00a0\u00bb transform_skew_phone=\u00a0\u00bb\u00a0\u00bb transform_skew_last_edited=\u00a0\u00bbon|phone\u00a0\u00bb transform_origin_tablet=\u00a0\u00bb\u00a0\u00bb transform_origin_phone=\u00a0\u00bb\u00a0\u00bb transform_origin_last_edited=\u00a0\u00bbon|phone\u00a0\u00bb transform_styles_last_edited=\u00a0\u00bbon|phone\u00a0\u00bb text_orientation=\u00a0\u00bbcenter\u00a0\u00bb min_height=\u00a0\u00bb31px\u00a0\u00bb custom_margin=\u00a0\u00bb30px||||false|false\u00a0\u00bb custom_padding=\u00a0\u00bb0px|||||\u00a0\u00bb transform_styles_tablet=\u00a0\u00bb\u00a0\u00bb transform_styles_phone=\u00a0\u00bb\u00a0\u00bb global_colors_info=\u00a0\u00bb{}\u00a0\u00bb][et_pb_social_media_follow_network social_network=\u00a0\u00bbwhatsapp\u00a0\u00bb url=\u00a0\u00bbhttps:\/\/wa.me\/41793714619&Prime; _builder_version=\u00a0\u00bb4.27.4&Prime; _module_preset=\u00a0\u00bbdefault\u00a0\u00bb background_color=\u00a0\u00bb#3a1a0b\u00a0\u00bb background_enable_color=\u00a0\u00bbon\u00a0\u00bb global_colors_info=\u00a0\u00bb{}\u00a0\u00bb follow_button=\u00a0\u00bboff\u00a0\u00bb url_new_window=\u00a0\u00bbon\u00a0\u00bb]whatsapp[\/et_pb_social_media_follow_network][et_pb_social_media_follow_network social_network=\u00a0\u00bbfacebook\u00a0\u00bb _builder_version=\u00a0\u00bb4.27.4&Prime; _module_preset=\u00a0\u00bbdefault\u00a0\u00bb background_color=\u00a0\u00bb#3a1a0b\u00a0\u00bb background_enable_color=\u00a0\u00bbon\u00a0\u00bb global_colors_info=\u00a0\u00bb{}\u00a0\u00bb follow_button=\u00a0\u00bboff\u00a0\u00bb url_new_window=\u00a0\u00bbon\u00a0\u00bb]facebook[\/et_pb_social_media_follow_network][et_pb_social_media_follow_network social_network=\u00a0\u00bbinstagram\u00a0\u00bb url=\u00a0\u00bbhttps:\/\/www.instagram.com\/io_sono.ch\/\u00a0\u00bb _builder_version=\u00a0\u00bb4.27.4&Prime; _module_preset=\u00a0\u00bbdefault\u00a0\u00bb background_color=\u00a0\u00bb#3a1a0b\u00a0\u00bb background_enable_color=\u00a0\u00bbon\u00a0\u00bb global_colors_info=\u00a0\u00bb{}\u00a0\u00bb follow_button=\u00a0\u00bboff\u00a0\u00bb url_new_window=\u00a0\u00bbon\u00a0\u00bb]instagram[\/et_pb_social_media_follow_network][\/et_pb_social_media_follow][et_pb_text _builder_version=\u00a0\u00bb4.27.4&Prime; _module_preset=\u00a0\u00bbdefault\u00a0\u00bb link_text_align=\u00a0\u00bbcenter\u00a0\u00bb link_text_color=\u00a0\u00bb#3a1a0b\u00a0\u00bb transform_scale=\u00a0\u00bb103%|103%\u00a0\u00bb transform_scale_tablet=\u00a0\u00bb103%|103%\u00a0\u00bb transform_scale_phone=\u00a0\u00bb103%|103%\u00a0\u00bb transform_scale_last_edited=\u00a0\u00bbon|phone\u00a0\u00bb transform_scale_linked=\u00a0\u00bboff\u00a0\u00bb transform_translate=\u00a0\u00bb41px|-19px\u00a0\u00bb transform_translate_tablet=\u00a0\u00bb0px|-19px\u00a0\u00bb transform_translate_phone=\u00a0\u00bb0px|-19px\u00a0\u00bb transform_translate_last_edited=\u00a0\u00bbon|tablet\u00a0\u00bb transform_translate_linked=\u00a0\u00bboff\u00a0\u00bb transform_rotate_tablet=\u00a0\u00bb\u00a0\u00bb transform_rotate_phone=\u00a0\u00bb\u00a0\u00bb transform_rotate_last_edited=\u00a0\u00bbon|phone\u00a0\u00bb transform_skew_tablet=\u00a0\u00bb\u00a0\u00bb transform_skew_phone=\u00a0\u00bb\u00a0\u00bb transform_skew_last_edited=\u00a0\u00bbon|phone\u00a0\u00bb transform_origin_tablet=\u00a0\u00bb\u00a0\u00bb transform_origin_phone=\u00a0\u00bb\u00a0\u00bb transform_origin_last_edited=\u00a0\u00bbon|phone\u00a0\u00bb transform_styles_last_edited=\u00a0\u00bbon|tablet\u00a0\u00bb min_height=\u00a0\u00bb9px\u00a0\u00bb custom_padding=\u00a0\u00bb||0px|||\u00a0\u00bb transform_styles_tablet=\u00a0\u00bb\u00a0\u00bb transform_styles_phone=\u00a0\u00bb\u00a0\u00bb global_colors_info=\u00a0\u00bb{}\u00a0\u00bb]<p style=\"text-align: center;\"><strong><a href=\"tel:+41 79 371 46 19\" title=\"Chiamaci subito\">(+41) 79 371 46 19<\/a><\/strong><\/p>[\/et_pb_text][et_pb_text _builder_version=\u00a0\u00bb4.27.4&Prime; _module_preset=\u00a0\u00bbdefault\u00a0\u00bb link_text_align=\u00a0\u00bbright\u00a0\u00bb link_text_color=\u00a0\u00bb#3a1a0b\u00a0\u00bb transform_scale_tablet=\u00a0\u00bb\u00a0\u00bb transform_scale_phone=\u00a0\u00bb\u00a0\u00bb transform_scale_last_edited=\u00a0\u00bbon|phone\u00a0\u00bb transform_translate=\u00a0\u00bb49px|-37px\u00a0\u00bb transform_translate_tablet=\u00a0\u00bb0px|-37px\u00a0\u00bb transform_translate_phone=\u00a0\u00bb0px|-37px\u00a0\u00bb transform_translate_last_edited=\u00a0\u00bbon|phone\u00a0\u00bb transform_translate_linked=\u00a0\u00bboff\u00a0\u00bb transform_rotate_tablet=\u00a0\u00bb\u00a0\u00bb transform_rotate_phone=\u00a0\u00bb\u00a0\u00bb transform_rotate_last_edited=\u00a0\u00bbon|phone\u00a0\u00bb transform_skew_tablet=\u00a0\u00bb\u00a0\u00bb transform_skew_phone=\u00a0\u00bb\u00a0\u00bb transform_skew_last_edited=\u00a0\u00bbon|phone\u00a0\u00bb transform_origin_tablet=\u00a0\u00bb\u00a0\u00bb transform_origin_phone=\u00a0\u00bb\u00a0\u00bb transform_origin_last_edited=\u00a0\u00bbon|phone\u00a0\u00bb transform_styles_last_edited=\u00a0\u00bbon|phone\u00a0\u00bb transform_styles_tablet=\u00a0\u00bb\u00a0\u00bb transform_styles_phone=\u00a0\u00bb\u00a0\u00bb global_colors_info=\u00a0\u00bb{}\u00a0\u00bb]<p style=\"text-align: center;\"><strong>\u00a9 io-sono.life<\/strong><\/p>[\/et_pb_text][\/et_pb_column][\/et_pb_row][\/et_pb_section]\n","protected":false},"excerpt":{"rendered":"<p>\u2190 SOINS ET ACCOMPAGNAMENTSTh\u00e9rapies \u00e9gypto-Ess\u00e9niennes &nbsp; Une pratique douce et profonde pour ramener l\u2019harmonie entre le corps, les \u00e9motions et l\u2019esprit. Comme un massage, mais pour l\u2019\u00e2me. Les th\u00e9rapies \u00c9gypto-Ess\u00e9niennes offrent un chemin d\u2019accompagnement vers le r\u00e9\u00e9quilibrage physique, \u00e9motionnel et spirituel de la personne. Elles agissent en profondeur et favorisent une nouvelle harmonie entre les [&hellip;]<\/p>\n","protected":false},"author":6,"featured_media":0,"parent":145,"menu_order":1,"comment_status":"closed","ping_status":"closed","template":"","meta":{"_et_pb_use_builder":"on","_et_pb_old_content":"","_et_gb_content_width":"","footnotes":""},"class_list":["post-313","page","type-page","status-publish","hentry"],"featured_image_url":[],"post_author":"@mministr0","assigned_categories":"","_links":{"self":[{"href":"https:\/\/io-sono.life\/it\/wp-json\/wp\/v2\/pages\/313","targetHints":{"allow":["GET"]}}],"collection":[{"href":"https:\/\/io-sono.life\/it\/wp-json\/wp\/v2\/pages"}],"about":[{"href":"https:\/\/io-sono.life\/it\/wp-json\/wp\/v2\/types\/page"}],"author":[{"embeddable":true,"href":"https:\/\/io-sono.life\/it\/wp-json\/wp\/v2\/users\/6"}],"replies":[{"embeddable":true,"href":"https:\/\/io-sono.life\/it\/wp-json\/wp\/v2\/comments?post=313"}],"version-history":[{"count":2,"href":"https:\/\/io-sono.life\/it\/wp-json\/wp\/v2\/pages\/313\/revisions"}],"predecessor-version":[{"id":1381,"href":"https:\/\/io-sono.life\/it\/wp-json\/wp\/v2\/pages\/313\/revisions\/1381"}],"up":[{"embeddable":true,"href":"https:\/\/io-sono.life\/it\/wp-json\/wp\/v2\/pages\/145"}],"wp:attachment":[{"href":"https:\/\/io-sono.life\/it\/wp-json\/wp\/v2\/media?parent=313"}],"curies":[{"name":"parola chiave","href":"https:\/\/api.w.org\/{rel}","templated":true}]}}